{"id":347,"date":"2022-02-15T09:43:21","date_gmt":"2022-02-15T09:43:21","guid":{"rendered":"https:\/\/nedkellysbar.de.web51.webflow.de\/special-menu\/"},"modified":"2022-11-30T08:30:37","modified_gmt":"2022-11-30T08:30:37","slug":"special-menu","status":"publish","type":"page","link":"https:\/\/nedkellysbar.de\/de\/special-menu\/","title":{"rendered":"Special Menu"},"content":{"rendered":"<p>[et_pb_section fb_built=&#8220;1&#8243; fullwidth=&#8220;on&#8220; admin_label=&#8220;Header Section&#8220; _builder_version=&#8220;4.16&#8243; background_color=&#8220;#FFFFFF&#8220; background_enable_image=&#8220;off&#8220; custom_padding=&#8220;|||&#8220; global_colors_info=&#8220;{}&#8220; background__hover_enabled=&#8220;on|desktop&#8220;][et_pb_fullwidth_header title=&#8220;Special Menu&#8220; text_orientation=&#8220;center&#8220; header_scroll_down=&#8220;on&#8220; scroll_down_icon=&#8220;%%2%%&#8220; scroll_down_icon_color=&#8220;#ffffff&#8220; background_overlay_color=&#8220;rgba(255,255,255,0.23)&#8220; content_max_width_last_edited=&#8220;off|desktop&#8220; admin_label=&#8220;Contents&#8220; _builder_version=&#8220;4.16&#8243; title_font=&#8220;Oswald|||on|&#8220; title_text_align=&#8220;center&#8220; title_text_color=&#8220;#ffffff&#8220; title_font_size=&#8220;80px&#8220; title_letter_spacing=&#8220;0.1em&#8220; title_line_height=&#8220;1.5em&#8220; subhead_font=&#8220;Nunito|900|||||||&#8220; subhead_text_color=&#8220;#ffffff&#8220; subhead_font_size=&#8220;22px&#8220; subhead_line_height=&#8220;1.9em&#8220; background_enable_color=&#8220;off&#8220; background_image=&#8220;https:\/\/nedkellysbar.de\/wp-content\/uploads\/2022\/02\/image0-2.jpeg&#8220; custom_button_one=&#8220;on&#8220; button_one_text_size=&#8220;15px&#8220; button_one_text_color=&#8220;#ffffff&#8220; button_one_bg_color=&#8220;#dca57d&#8220; button_one_border_width=&#8220;10px&#8220; button_one_border_color=&#8220;#dca57d&#8220; button_one_border_radius=&#8220;0px&#8220; button_one_letter_spacing=&#8220;3px&#8220; button_one_font=&#8220;Oswald|||on|&#8220; button_one_use_icon=&#8220;off&#8220; vertical_offset_tablet=&#8220;0&#8243; horizontal_offset_tablet=&#8220;0&#8243; background_layout=&#8220;light&#8220; custom_padding=&#8220;12%||12%|&#8220; animation_style=&#8220;fade&#8220; animation_starting_opacity=&#8220;50%&#8220; animation_speed_curve=&#8220;ease-in&#8220; title_font_size_tablet=&#8220;60px&#8220; title_font_size_phone=&#8220;40px&#8220; title_font_size_last_edited=&#8220;on|phone&#8220; z_index_tablet=&#8220;0&#8243; title_text_shadow_horizontal_length_tablet=&#8220;0px&#8220; title_text_shadow_vertical_length_tablet=&#8220;0px&#8220; title_text_shadow_blur_strength_tablet=&#8220;1px&#8220; content_text_shadow_horizontal_length_tablet=&#8220;0px&#8220; content_text_shadow_vertical_length_tablet=&#8220;0px&#8220; content_text_shadow_blur_strength_tablet=&#8220;1px&#8220; subhead_text_shadow_horizontal_length_tablet=&#8220;0px&#8220; subhead_text_shadow_vertical_length_tablet=&#8220;0px&#8220; subhead_text_shadow_blur_strength_tablet=&#8220;1px&#8220; content_link_text_shadow_horizontal_length_tablet=&#8220;0px&#8220; content_link_text_shadow_vertical_length_tablet=&#8220;0px&#8220; content_link_text_shadow_blur_strength_tablet=&#8220;1px&#8220; content_ul_text_shadow_horizontal_length_tablet=&#8220;0px&#8220; content_ul_text_shadow_vertical_length_tablet=&#8220;0px&#8220; content_ul_text_shadow_blur_strength_tablet=&#8220;1px&#8220; content_ol_text_shadow_horizontal_length_tablet=&#8220;0px&#8220; content_ol_text_shadow_vertical_length_tablet=&#8220;0px&#8220; content_ol_text_shadow_blur_strength_tablet=&#8220;1px&#8220; content_quote_text_shadow_horizontal_length_tablet=&#8220;0px&#8220; content_quote_text_shadow_vertical_length_tablet=&#8220;0px&#8220; content_quote_text_shadow_blur_strength_tablet=&#8220;1px&#8220; button_one_text_shadow_horizontal_length_tablet=&#8220;0px&#8220; button_one_text_shadow_vertical_length_tablet=&#8220;0px&#8220; button_one_text_shadow_blur_strength_tablet=&#8220;1px&#8220; button_two_text_shadow_horizontal_length_tablet=&#8220;0px&#8220; button_two_text_shadow_vertical_length_tablet=&#8220;0px&#8220; button_two_text_shadow_blur_strength_tablet=&#8220;1px&#8220; box_shadow_horizontal_tablet=&#8220;0px&#8220; box_shadow_vertical_tablet=&#8220;0px&#8220; box_shadow_blur_tablet=&#8220;40px&#8220; box_shadow_spread_tablet=&#8220;0px&#8220; box_shadow_horizontal_image_tablet=&#8220;0px&#8220; box_shadow_vertical_image_tablet=&#8220;0px&#8220; box_shadow_blur_image_tablet=&#8220;40px&#8220; box_shadow_spread_image_tablet=&#8220;0px&#8220; box_shadow_horizontal_button_one_tablet=&#8220;0px&#8220; box_shadow_vertical_button_one_tablet=&#8220;0px&#8220; box_shadow_blur_button_one_tablet=&#8220;40px&#8220; box_shadow_spread_button_one_tablet=&#8220;0px&#8220; box_shadow_horizontal_button_two_tablet=&#8220;0px&#8220; box_shadow_vertical_button_two_tablet=&#8220;0px&#8220; box_shadow_blur_button_two_tablet=&#8220;40px&#8220; box_shadow_spread_button_two_tablet=&#8220;0px&#8220; text_shadow_horizontal_length_tablet=&#8220;0px&#8220; text_shadow_vertical_length_tablet=&#8220;0px&#8220; text_shadow_blur_strength_tablet=&#8220;1px&#8220; button_one_border_color_hover=&#8220;#c99872&#8243; button_one_border_radius_hover=&#8220;0px&#8220; button_one_letter_spacing_hover=&#8220;3px&#8220; button_one_bg_color_hover=&#8220;#c99872&#8243; global_colors_info=&#8220;{}&#8220; button_one_text_size__hover_enabled=&#8220;off&#8220; button_one_text_size__hover=&#8220;null&#8220; button_two_text_size__hover_enabled=&#8220;off&#8220; button_two_text_size__hover=&#8220;null&#8220; button_one_text_color__hover_enabled=&#8220;off&#8220; button_one_text_color__hover=&#8220;null&#8220; button_two_text_color__hover_enabled=&#8220;off&#8220; button_two_text_color__hover=&#8220;null&#8220; button_one_border_width__hover_enabled=&#8220;off&#8220; button_one_border_width__hover=&#8220;null&#8220; button_two_border_width__hover_enabled=&#8220;off&#8220; button_two_border_width__hover=&#8220;null&#8220; button_one_border_color__hover_enabled=&#8220;on&#8220; button_one_border_color__hover=&#8220;#c99872&#8243; button_two_border_color__hover_enabled=&#8220;off&#8220; button_two_border_color__hover=&#8220;null&#8220; button_one_border_radius__hover_enabled=&#8220;on&#8220; button_one_border_radius__hover=&#8220;0px&#8220; button_two_border_radius__hover_enabled=&#8220;off&#8220; button_two_border_radius__hover=&#8220;null&#8220; button_one_letter_spacing__hover_enabled=&#8220;on&#8220; button_one_letter_spacing__hover=&#8220;3px&#8220; button_two_letter_spacing__hover_enabled=&#8220;off&#8220; button_two_letter_spacing__hover=&#8220;null&#8220; button_one_bg_color__hover_enabled=&#8220;on&#8220; button_one_bg_color__hover=&#8220;#c99872&#8243; button_two_bg_color__hover_enabled=&#8220;off&#8220; button_two_bg_color__hover=&#8220;null&#8220; background__hover_enabled=&#8220;on|hover&#8220; background_enable_image__hover=&#8220;on&#8220; background_image__hover=&#8220;https:\/\/nedkellysbar.de\/wp-content\/uploads\/2022\/02\/image0-2.jpeg&#8220;][\/et_pb_fullwidth_header][\/et_pb_section][et_pb_section fb_built=&#8220;1&#8243; admin_label=&#8220;Best Beans&#8220; _builder_version=&#8220;4.16&#8243; background_color=&#8220;#FFFFFF&#8220; background_color_gradient_direction=&#8220;90deg&#8220; custom_padding=&#8220;0px|0px|0px|0px&#8220; animation_style=&#8220;fade&#8220; global_colors_info=&#8220;{}&#8220;][et_pb_row _builder_version=&#8220;4.16&#8243; _module_preset=&#8220;default&#8220; animation_direction=&#8220;left&#8220; locked=&#8220;off&#8220; global_colors_info=&#8220;{}&#8220;][et_pb_column type=&#8220;4_4&#8243; _builder_version=&#8220;4.16&#8243; _module_preset=&#8220;default&#8220; global_colors_info=&#8220;{}&#8220;][et_pb_text _builder_version=&#8220;4.16&#8243; _module_preset=&#8220;default&#8220; text_font=&#8220;Nunito||||||||&#8220; text_font_size=&#8220;18px&#8220; text_line_height=&#8220;1.8em&#8220; header_text_align=&#8220;center&#8220; header_3_font=&#8220;Oswald|||on|||||&#8220; header_3_text_color=&#8220;#001f7e&#8220; header_3_font_size=&#8220;42px&#8220; header_3_letter_spacing=&#8220;2px&#8220; header_3_line_height=&#8220;1.5em&#8220; vertical_offset_tablet=&#8220;0&#8243; horizontal_offset_tablet=&#8220;0&#8243; max_width_tablet=&#8220;50px&#8220; max_width_phone=&#8220;80%&#8220; max_width_last_edited=&#8220;on|phone&#8220; module_alignment=&#8220;left&#8220; custom_margin=&#8220;|||&#8220; z_index_tablet=&#8220;0&#8243; text_text_shadow_horizontal_length_tablet=&#8220;0px&#8220; text_text_shadow_vertical_length_tablet=&#8220;0px&#8220; text_text_shadow_blur_strength_tablet=&#8220;1px&#8220; link_text_shadow_horizontal_length_tablet=&#8220;0px&#8220; link_text_shadow_vertical_length_tablet=&#8220;0px&#8220; link_text_shadow_blur_strength_tablet=&#8220;1px&#8220; ul_text_shadow_horizontal_length_tablet=&#8220;0px&#8220; ul_text_shadow_vertical_length_tablet=&#8220;0px&#8220; ul_text_shadow_blur_strength_tablet=&#8220;1px&#8220; ol_text_shadow_horizontal_length_tablet=&#8220;0px&#8220; ol_text_shadow_vertical_length_tablet=&#8220;0px&#8220; ol_text_shadow_blur_strength_tablet=&#8220;1px&#8220; quote_text_shadow_horizontal_length_tablet=&#8220;0px&#8220; quote_text_shadow_vertical_length_tablet=&#8220;0px&#8220; quote_text_shadow_blur_strength_tablet=&#8220;1px&#8220; header_text_shadow_horizontal_length_tablet=&#8220;0px&#8220; header_text_shadow_vertical_length_tablet=&#8220;0px&#8220; header_text_shadow_blur_strength_tablet=&#8220;1px&#8220; header_2_text_shadow_horizontal_length_tablet=&#8220;0px&#8220; header_2_text_shadow_vertical_length_tablet=&#8220;0px&#8220; header_2_text_shadow_blur_strength_tablet=&#8220;1px&#8220; header_3_text_shadow_horizontal_length_tablet=&#8220;0px&#8220; header_3_text_shadow_vertical_length_tablet=&#8220;0px&#8220; header_3_text_shadow_blur_strength_tablet=&#8220;1px&#8220; header_4_text_shadow_horizontal_length_tablet=&#8220;0px&#8220; header_4_text_shadow_vertical_length_tablet=&#8220;0px&#8220; header_4_text_shadow_blur_strength_tablet=&#8220;1px&#8220; header_5_text_shadow_horizontal_length_tablet=&#8220;0px&#8220; header_5_text_shadow_vertical_length_tablet=&#8220;0px&#8220; header_5_text_shadow_blur_strength_tablet=&#8220;1px&#8220; header_6_text_shadow_horizontal_length_tablet=&#8220;0px&#8220; header_6_text_shadow_vertical_length_tablet=&#8220;0px&#8220; header_6_text_shadow_blur_strength_tablet=&#8220;1px&#8220; box_shadow_horizontal_tablet=&#8220;0px&#8220; box_shadow_vertical_tablet=&#8220;0px&#8220; box_shadow_blur_tablet=&#8220;40px&#8220; box_shadow_spread_tablet=&#8220;0px&#8220; global_colors_info=&#8220;{}&#8220;]<\/p>\n<h3>Special Menu<\/h3>\n<p>[\/et_pb_text][et_pb_divider color=&#8220;#001f7e&#8220; divider_weight=&#8220;5px&#8220; _builder_version=&#8220;4.16&#8243; _module_preset=&#8220;default&#8220; animation_style=&#8220;slide&#8220; animation_direction=&#8220;left&#8220; global_colors_info=&#8220;{}&#8220;][\/et_pb_divider][\/et_pb_column][\/et_pb_row][\/et_pb_section][et_pb_section fb_built=&#8220;1&#8243; _builder_version=&#8220;4.16&#8243; global_colors_info=&#8220;{}&#8220;][et_pb_row _builder_version=&#8220;4.16&#8243; background_size=&#8220;initial&#8220; background_position=&#8220;top_left&#8220; background_repeat=&#8220;repeat&#8220; custom_padding=&#8220;16px|||||&#8220; global_colors_info=&#8220;{}&#8220;][et_pb_column type=&#8220;4_4&#8243; _builder_version=&#8220;4.16&#8243; custom_padding=&#8220;|||&#8220; global_colors_info=&#8220;{}&#8220; custom_padding__hover=&#8220;|||&#8220;][et_pb_text _builder_version=&#8220;4.16&#8243; header_3_font=&#8220;Oswald||||||||&#8220; vertical_offset_tablet=&#8220;0&#8243; horizontal_offset_tablet=&#8220;0&#8243; z_index_tablet=&#8220;0&#8243; text_text_shadow_horizontal_length_tablet=&#8220;0px&#8220; text_text_shadow_vertical_length_tablet=&#8220;0px&#8220; text_text_shadow_blur_strength_tablet=&#8220;1px&#8220; link_text_shadow_horizontal_length_tablet=&#8220;0px&#8220; link_text_shadow_vertical_length_tablet=&#8220;0px&#8220; link_text_shadow_blur_strength_tablet=&#8220;1px&#8220; ul_text_shadow_horizontal_length_tablet=&#8220;0px&#8220; ul_text_shadow_vertical_length_tablet=&#8220;0px&#8220; ul_text_shadow_blur_strength_tablet=&#8220;1px&#8220; ol_text_shadow_horizontal_length_tablet=&#8220;0px&#8220; ol_text_shadow_vertical_length_tablet=&#8220;0px&#8220; ol_text_shadow_blur_strength_tablet=&#8220;1px&#8220; quote_text_shadow_horizontal_length_tablet=&#8220;0px&#8220; quote_text_shadow_vertical_length_tablet=&#8220;0px&#8220; quote_text_shadow_blur_strength_tablet=&#8220;1px&#8220; header_text_shadow_horizontal_length_tablet=&#8220;0px&#8220; header_text_shadow_vertical_length_tablet=&#8220;0px&#8220; header_text_shadow_blur_strength_tablet=&#8220;1px&#8220; header_2_text_shadow_horizontal_length_tablet=&#8220;0px&#8220; header_2_text_shadow_vertical_length_tablet=&#8220;0px&#8220; header_2_text_shadow_blur_strength_tablet=&#8220;1px&#8220; header_3_text_shadow_horizontal_length_tablet=&#8220;0px&#8220; header_3_text_shadow_vertical_length_tablet=&#8220;0px&#8220; header_3_text_shadow_blur_strength_tablet=&#8220;1px&#8220; header_4_text_shadow_horizontal_length_tablet=&#8220;0px&#8220; header_4_text_shadow_vertical_length_tablet=&#8220;0px&#8220; header_4_text_shadow_blur_strength_tablet=&#8220;1px&#8220; header_5_text_shadow_horizontal_length_tablet=&#8220;0px&#8220; header_5_text_shadow_vertical_length_tablet=&#8220;0px&#8220; header_5_text_shadow_blur_strength_tablet=&#8220;1px&#8220; header_6_text_shadow_horizontal_length_tablet=&#8220;0px&#8220; header_6_text_shadow_vertical_length_tablet=&#8220;0px&#8220; header_6_text_shadow_blur_strength_tablet=&#8220;1px&#8220; box_shadow_horizontal_tablet=&#8220;0px&#8220; box_shadow_vertical_tablet=&#8220;0px&#8220; box_shadow_blur_tablet=&#8220;40px&#8220; box_shadow_spread_tablet=&#8220;0px&#8220; global_colors_info=&#8220;{}&#8220;]<\/p>\n<p><strong><em>29.11.2022 &#8211; 05.12.2022<\/em><\/strong><\/p>\n<p>&nbsp;<\/p>\n<p><strong><em>\u00a0<\/em><\/strong><\/p>\n<p>&nbsp;<\/p>\n<p><strong><em>SOUPS \/ SUPPEN<\/em><\/strong><\/p>\n<p><strong><em><\/em><\/strong><\/p>\n<p><em><\/em><\/p>\n<table style=\"width: 1078px;\">\n<tbody>\n<tr>\n<td width=\"626\" style=\"width: 951px;\">\n<p><strong>\u00a0<\/strong><strong>S\u00fc\u00dfkartoffel-Pastinaken Cremesuppe verfeinert mit hausgemachtem Chili \u00d6l<\/strong><\/p>\n<p><em>Creamy Sweet Potato and Parsnip Soup with a drizzle of homemade Chilli Oil<\/em><\/p>\n<\/td>\n<td width=\"58\" style=\"width: 127px;\">\n<p><strong><em>\u00a0<\/em><\/strong><\/p>\n<p><strong><em>5,60 \u20ac<\/em><\/strong><\/p>\n<\/td>\n<\/tr>\n<\/tbody>\n<\/table>\n<p><em>\u00a0 \u00a0 \u00a0 \u00a0 \u00a0 \u00a0 \u00a0 \u00a0 \u00a0 \u00a0 \u00a0\u00a0<\/em><\/p>\n<p>&nbsp;<\/p>\n<p>&nbsp;<\/p>\n<p><strong><em>\u00a0 \u00a0 \u00a0 \u00a0 \u00a0 \u00a0 \u00a0 \u00a0 \u00a0 \u00a0 \u00a0 \u00a0 <\/em><\/strong><strong><em>\u00a0<\/em><\/strong><\/p>\n<p><strong><em>SPECIALITIES \/ SPEZIALIT\u00c4TEN<\/em><\/strong><\/p>\n<p>&nbsp;<\/p>\n<table style=\"width: 1079px;\" height=\"148\">\n<tbody>\n<tr>\n<td width=\"626\" style=\"width: 942px;\">\n<p><strong>Potato Skin \u201eMexican style\u201c gef\u00fcllt mit H\u00e4hnchen, Salsa, Bohnen, frischen Limetten, Koriander und geschmolzenen K\u00e4se, serviert mit gemischtem Salat<\/strong><\/p>\n<p><em>Home made Mexican style half roasted Potato Skin filled with Chicken, Salsa, refried Beans, fresh Lime, Coriander and melted Cheese, served with mixed Salad<\/em><\/p>\n<p><strong><em>\u00a0<\/em><\/strong><\/p>\n<\/td>\n<td width=\"58\" style=\"width: 137px;\">\n<p><strong><em>\u00a0<\/em><\/strong><\/p>\n<p><strong><em>12,70 \u20ac<\/em><\/strong><\/p>\n<\/td>\n<\/tr>\n<\/tbody>\n<\/table>\n<p>&nbsp;<\/p>\n<p>&nbsp;<\/p>\n<p>&nbsp;<\/p>\n<table>\n<tbody>\n<tr>\n<td width=\"626\">\n<p><strong>Kilians Pulled Pork Burger mit gegrillten Zwiebeln, Cheddar K\u00e4se in einer Brioche, serviert mit Honig-Senf So\u00dfe und Pommes<\/strong><\/p>\n<p><em>Kilians Pulled Pork Burger with grilled Onions and Cheddar Cheese in a Brioche Bun, served with Honey Mustard Sauce and Chips<\/em><\/p>\n<p><em>\u00a0<\/em><\/p>\n<\/td>\n<td width=\"58\">\n<p><strong><em>\u00a0<\/em><\/strong><\/p>\n<p><strong><em>17,40 \u20ac<\/em><\/strong><\/p>\n<\/td>\n<\/tr>\n<\/tbody>\n<\/table>\n<p><em><\/em><\/p>\n<p>&nbsp;<\/p>\n<p>&nbsp;<\/p>\n<p>\u00a0<em style=\"font-size: 14px;\"><\/em><\/p>\n<table style=\"width: 1076px;\">\n<tbody>\n<tr>\n<td width=\"626\" style=\"width: 939px;\">\n<p><strong>Mit K\u00e4se \u00fcberbackene Pommes mit Chili, serviert mit hausgemachtem Salsa and Saure Sahne<\/strong><\/p>\n<p><em>Loaded Chilli Cheese Fries, served with house made Salsa topping and sour cr\u00e8me<\/em><\/p>\n<\/td>\n<td width=\"58\" style=\"width: 137px;\">\n<p><strong><em>\u00a0<\/em><\/strong><\/p>\n<p><strong><em>\u00a0<\/em><\/strong><\/p>\n<p><strong><em>12,60 \u20ac<\/em><\/strong><\/p>\n<\/td>\n<\/tr>\n<\/tbody>\n<\/table>\n<p><em><\/em><\/p>\n<p><em style=\"font-size: 14px;\">\u00a0 \u00a0 \u00a0 \u00a0 \u00a0 \u00a0 \u00a0 \u00a0 \u00a0 \u00a0 \u00a0 \u00a0 \u00a0 \u00a0 \u00a0 \u00a0 \u00a0 \u00a0 \u00a0 \u00a0 \u00a0 \u00a0 \u00a0 \u00a0 \u00a0 \u00a0 \u00a0 \u00a0 \u00a0 \u00a0 \u00a0 \u00a0 \u00a0 \u00a0 \u00a0 \u00a0 \u00a0 \u00a0 \u00a0 \u00a0 \u00a0 \u00a0 \u00a0 \u00a0 \u00a0 \u00a0 \u00a0 \u00a0 \u00a0 \u00a0 \u00a0 \u00a0 \u00a0 \u00a0 \u00a0 \u00a0 \u00a0 \u00a0 \u00a0 \u00a0 \u00a0 \u00a0 \u00a0 \u00a0 \u00a0 \u00a0\u00a0<\/em><\/p>\n<p><em><\/em><\/p>\n<p>&nbsp;<\/p>\n<p>&nbsp;<\/p>\n<p>&nbsp;<\/p>\n<p><strong><em>DESSERT<\/em><\/strong><\/p>\n<p><strong><em><\/em><\/strong><\/p>\n<p><em><\/em><\/p>\n<table>\n<tbody>\n<tr>\n<td width=\"626\">\n<p><em>\u00a0<\/em><strong>Key Lime Pie serviert mit Feigen-Coulis, Erdbeeren und Sahne<\/strong><\/p>\n<p><em>Key Lime Pie served with fig Coulis, Strawberries and Cream<\/em><\/p>\n<\/td>\n<td width=\"58\">\n<p><strong><em>\u00a0<\/em><\/strong><\/p>\n<p><strong><em>\u00a0<\/em><\/strong><\/p>\n<p><strong><em>5,80 \u20ac<\/em><\/strong><\/p>\n<\/td>\n<\/tr>\n<\/tbody>\n<\/table>\n<p>&nbsp;<\/p>\n<p>&nbsp;<\/p>\n<p>&nbsp;<\/p>\n<p>&nbsp;<\/p>\n<p>&nbsp;<\/p>\n<p>&nbsp;<\/p>\n<p>&nbsp;<\/p>\n<p>&nbsp;<\/p>\n<p>&nbsp;<\/p>\n<p>&nbsp;<\/p>\n<p>&nbsp;<\/p>\n<p><em>\u00a0\u00a0<\/em><\/p>\n<p>&nbsp;<\/p>\n<p>&nbsp;<\/p>\n<p><em style=\"font-size: 14px;\"> \u00a0<\/em><\/p>\n<p><em><\/em><\/p>\n<p>[\/et_pb_text][\/et_pb_column][\/et_pb_row][et_pb_row column_structure=&#8220;1_2,1_2&#8243; _builder_version=&#8220;4.16&#8243; _module_preset=&#8220;default&#8220; global_colors_info=&#8220;{}&#8220;][et_pb_column type=&#8220;1_2&#8243; _builder_version=&#8220;4.16&#8243; _module_preset=&#8220;default&#8220; global_colors_info=&#8220;{}&#8220;][\/et_pb_column][et_pb_column type=&#8220;1_2&#8243; _builder_version=&#8220;4.16&#8243; _module_preset=&#8220;default&#8220; global_colors_info=&#8220;{}&#8220;][\/et_pb_column][\/et_pb_row][\/et_pb_section]<\/p>\n","protected":false},"excerpt":{"rendered":"<p>Special Menu29.11.2022 &#8211; 05.12.2022 &nbsp; \u00a0 &nbsp; SOUPS \/ SUPPEN \u00a0S\u00fc\u00dfkartoffel-Pastinaken Cremesuppe verfeinert mit hausgemachtem Chili \u00d6l Creamy Sweet Potato and Parsnip Soup with a drizzle of homemade Chilli Oil \u00a0 5,60 \u20ac \u00a0 \u00a0 \u00a0 \u00a0 \u00a0 \u00a0 \u00a0 \u00a0 \u00a0 \u00a0 \u00a0\u00a0 &nbsp; &nbsp; \u00a0 \u00a0 \u00a0 \u00a0 \u00a0 \u00a0 \u00a0 \u00a0 \u00a0 [&hellip;]<\/p>\n","protected":false},"author":1,"featured_media":0,"parent":0,"menu_order":0,"comment_status":"closed","ping_status":"closed","template":"","meta":{"_et_pb_use_builder":"on","_et_pb_old_content":"","_et_gb_content_width":"","footnotes":""},"class_list":["post-347","page","type-page","status-publish","hentry"],"publishpress_future_action":{"enabled":false,"date":"2026-04-24 03:36:03","action":"change-status","newStatus":"draft","terms":[],"taxonomy":"translation_priority","extraData":[]},"publishpress_future_workflow_manual_trigger":{"enabledWorkflows":[]},"_links":{"self":[{"href":"https:\/\/nedkellysbar.de\/de\/wp-json\/wp\/v2\/pages\/347","targetHints":{"allow":["GET"]}}],"collection":[{"href":"https:\/\/nedkellysbar.de\/de\/wp-json\/wp\/v2\/pages"}],"about":[{"href":"https:\/\/nedkellysbar.de\/de\/wp-json\/wp\/v2\/types\/page"}],"author":[{"embeddable":true,"href":"https:\/\/nedkellysbar.de\/de\/wp-json\/wp\/v2\/users\/1"}],"replies":[{"embeddable":true,"href":"https:\/\/nedkellysbar.de\/de\/wp-json\/wp\/v2\/comments?post=347"}],"version-history":[{"count":50,"href":"https:\/\/nedkellysbar.de\/de\/wp-json\/wp\/v2\/pages\/347\/revisions"}],"predecessor-version":[{"id":1881,"href":"https:\/\/nedkellysbar.de\/de\/wp-json\/wp\/v2\/pages\/347\/revisions\/1881"}],"wp:attachment":[{"href":"https:\/\/nedkellysbar.de\/de\/wp-json\/wp\/v2\/media?parent=347"}],"curies":[{"name":"wp","href":"https:\/\/api.w.org\/{rel}","templated":true}]}}